{"id":537,"date":"2025-01-07T07:05:55","date_gmt":"2025-01-07T07:05:55","guid":{"rendered":"http:\/\/arabakampanyalar.com\/?page_id=537"},"modified":"2025-01-07T07:05:55","modified_gmt":"2025-01-07T07:05:55","slug":"hakkimizda","status":"publish","type":"page","link":"http:\/\/otomobilkampanyalari.com\/?page_id=537","title":{"rendered":"Hakk\u0131m\u0131zda"},"content":{"rendered":"\n<p>&#x1f4a1; Neden otomobilkampanyalari.com\/?<\/p>\n\n\n\n<p>G\u00fcncel kampanyalar\u0131 tek t\u0131klamayla g\u00f6r\u00fcnt\u00fcle<\/p>\n\n\n\n<p>Marka, model veya fiyat aral\u0131\u011f\u0131na g\u00f6re kolay filtreleme<\/p>\n\n\n\n<p>Kampanyalar\u0131n biti\u015f tarihlerini ka\u00e7\u0131rma!<\/p>\n\n\n\n<p>Her g\u00fcn yenilenen f\u0131rsatlarla tasarruf et<\/p>\n\n\n\n<p>&#x1f697; Yeni Arac\u0131n\u0131 Avantajl\u0131 Fiyatlarla Al<\/p>\n\n\n\n<p>S\u0131f\u0131r araba almak art\u0131k \u00e7ok daha kolay.<br>otomobilkampanyalari.com\/\u2019u ziyaret et, markalar\u0131n en g\u00fcncel kampanyalar\u0131n\u0131 kar\u015f\u0131la\u015ft\u0131r, b\u00fct\u00e7ene en uygun se\u00e7ene\u011fi bul!<br>Unutma, f\u0131rsatlar s\u0131n\u0131rl\u0131 s\u00fcre ge\u00e7erli \u2014 hayalindeki araca bir ad\u0131m daha yakla\u015fmak i\u00e7in \u015fimdi ke\u015ffet!<\/p>\n\n\n\n<p>&#x1f449; otomobilkampanyalari.com\/ \u2013 T\u00fcrkiye\u2019nin s\u0131f\u0131r araba kampanyalar\u0131 rehberi.<\/p>\n","protected":false},"excerpt":{"rendered":"<p>&#x1f4a1; Neden otomobilkampanyalari.com\/? G\u00fcncel kampanyalar\u0131 tek t\u0131klamayla g\u00f6r\u00fcnt\u00fcle Marka, model veya fiyat aral\u0131\u011f\u0131na g\u00f6re kolay filtreleme Kampanyalar\u0131n biti\u015f tarihlerini ka\u00e7\u0131rma!<\/p>\n","protected":false},"author":1,"featured_media":0,"parent":0,"menu_order":0,"comment_status":"closed","ping_status":"closed","template":"","meta":{"colormag_page_container_layout":"default_layout","colormag_page_sidebar_layout":"default_layout","footnotes":""},"class_list":["post-537","page","type-page","status-publish","hentry"],"magazineBlocksPostFeaturedMedia":{"thumbnail":false,"medium":false,"medium_large":false,"large":false,"1536x1536":false,"2048x2048":false,"colormag-highlighted-post":false,"colormag-featured-post-medium":false,"colormag-featured-post-small":false,"colormag-featured-image":false,"colormag-default-news":false,"colormag-featured-image-large":false},"magazineBlocksPostAuthor":{"name":"admin","avatar":"https:\/\/secure.gravatar.com\/avatar\/afdb5db087d7fb0c4c379c7e34ef6d9c7dff83409c7567c0bcd95a63d7fa1f17?s=96&d=mm&r=g"},"magazineBlocksPostCommentsNumber":false,"magazineBlocksPostExcerpt":"&#x1f4a1; Neden otomobilkampanyalari.com\/? G\u00fcncel kampanyalar\u0131 tek t\u0131klamayla g\u00f6r\u00fcnt\u00fcle Marka, model veya fiyat aral\u0131\u011f\u0131na g\u00f6re kolay filtreleme Kampanyalar\u0131n biti\u015f tarihlerini ka\u00e7\u0131rma!","magazineBlocksPostCategories":[],"magazineBlocksPostViewCount":0,"magazineBlocksPostReadTime":1,"_links":{"self":[{"href":"http:\/\/otomobilkampanyalari.com\/index.php?rest_route=\/wp\/v2\/pages\/537","targetHints":{"allow":["GET"]}}],"collection":[{"href":"http:\/\/otomobilkampanyalari.com\/index.php?rest_route=\/wp\/v2\/pages"}],"about":[{"href":"http:\/\/otomobilkampanyalari.com\/index.php?rest_route=\/wp\/v2\/types\/page"}],"author":[{"embeddable":true,"href":"http:\/\/otomobilkampanyalari.com\/index.php?rest_route=\/wp\/v2\/users\/1"}],"replies":[{"embeddable":true,"href":"http:\/\/otomobilkampanyalari.com\/index.php?rest_route=%2Fwp%2Fv2%2Fcomments&post=537"}],"version-history":[{"count":0,"href":"http:\/\/otomobilkampanyalari.com\/index.php?rest_route=\/wp\/v2\/pages\/537\/revisions"}],"wp:attachment":[{"href":"http:\/\/otomobilkampanyalari.com\/index.php?rest_route=%2Fwp%2Fv2%2Fmedia&parent=537"}],"curies":[{"name":"wp","href":"https:\/\/api.w.org\/{rel}","templated":true}]}}